{"id":343,"date":"2018-07-20T10:20:14","date_gmt":"2018-07-20T10:20:14","guid":{"rendered":"https:\/\/badabum.ch.gutenberg.ch-meta.net\/?page_id=343"},"modified":"2025-09-12T17:54:45","modified_gmt":"2025-09-12T16:54:45","slug":"raumvermietung","status":"publish","type":"page","link":"https:\/\/badabum.ch\/en\/raumvermietung\/","title":{"rendered":"Room Rental"},"content":{"rendered":"<div data-elementor-type=\"wp-post\" data-elementor-id=\"343\" class=\"elementor elementor-343\">\n\t\t\t\t\t\t<section class=\"elementor-section elementor-top-section elementor-element elementor-element-1a9f463 elementor-section-content-middle elementor-section-boxed elementor-section-height-default elementor-section-height-default\" data-id=\"1a9f463\" data-element_type=\"section\" data-settings=\"{&quot;background_background&quot;:&quot;video&quot;,&quot;background_video_link&quot;:&quot;https:\\\/\\\/vimeo.com\\\/98626777&quot;,&quot;background_video_start&quot;:51,&quot;background_video_end&quot;:71}\">\n\t\t\t\t\t\t\t\t<div class=\"elementor-background-video-container elementor-hidden-mobile\" aria-hidden=\"true\">\n\t\t\t\t\t\t\t\t\t\t\t\t\t<div class=\"elementor-background-video-embed\"><\/div>\n\t\t\t\t\t\t\t\t\t\t\t\t<\/div>\n\t\t\t\t\t\t\t\t\t<div class=\"elementor-background-overlay\"><\/div>\n\t\t\t\t\t\t\t<div class=\"elementor-container elementor-column-gap-no\">\n\t\t\t\t\t<div class=\"elementor-column elementor-col-100 elementor-top-column elementor-element elementor-element-a5ca543\" data-id=\"a5ca543\" data-element_type=\"column\">\n\t\t\t<div class=\"elementor-widget-wrap elementor-element-populated\">\n\t\t\t\t\t\t<section class=\"elementor-section elementor-inner-section elementor-element elementor-element-61eccfa elementor-section-content-bottom elementor-section-boxed elementor-section-height-default elementor-section-height-default\" data-id=\"61eccfa\" data-element_type=\"section\">\n\t\t\t\t\t\t<div class=\"elementor-container elementor-column-gap-no\">\n\t\t\t\t\t<div class=\"elementor-column elementor-col-50 elementor-inner-column elementor-element elementor-element-f2f1956\" data-id=\"f2f1956\" data-element_type=\"column\">\n\t\t\t<div class=\"elementor-widget-wrap elementor-element-populated\">\n\t\t\t\t\t\t<div class=\"elementor-element elementor-element-f520191 elementor-widget-divider--view-line elementor-widget elementor-widget-divider\" data-id=\"f520191\" data-element_type=\"widget\" data-widget_type=\"divider.default\">\n\t\t\t\t<div class=\"elementor-widget-container\">\n\t\t\t\t\t\t\t<div class=\"elementor-divider\">\n\t\t\t<span class=\"elementor-divider-separator\">\n\t\t\t\t\t\t<\/span>\n\t\t<\/div>\n\t\t\t\t\t\t<\/div>\n\t\t\t\t<\/div>\n\t\t\t\t\t<\/div>\n\t\t<\/div>\n\t\t\t\t<div class=\"elementor-column elementor-col-50 elementor-inner-column elementor-element elementor-element-6276914\" data-id=\"6276914\" data-element_type=\"column\">\n\t\t\t<div class=\"elementor-widget-wrap elementor-element-populated\">\n\t\t\t\t\t\t<div class=\"elementor-element elementor-element-8df8023 elementor-widget elementor-widget-heading\" data-id=\"8df8023\" data-element_type=\"widget\" data-widget_type=\"heading.default\">\n\t\t\t\t<div class=\"elementor-widget-container\">\n\t\t\t\t\t<h6 class=\"elementor-heading-title elementor-size-default\">Badabum Atelier<\/h6>\t\t\t\t<\/div>\n\t\t\t\t<\/div>\n\t\t\t\t\t<\/div>\n\t\t<\/div>\n\t\t\t\t\t<\/div>\n\t\t<\/section>\n\t\t\t\t<div class=\"elementor-element elementor-element-5598d98 elementor-widget elementor-widget-heading\" data-id=\"5598d98\" data-element_type=\"widget\" data-widget_type=\"heading.default\">\n\t\t\t\t<div class=\"elementor-widget-container\">\n\t\t\t\t\t<h1 class=\"elementor-heading-title elementor-size-default\">Room Rental<\/h1>\t\t\t\t<\/div>\n\t\t\t\t<\/div>\n\t\t\t\t\t<\/div>\n\t\t<\/div>\n\t\t\t\t\t<\/div>\n\t\t<\/section>\n\t\t\t\t<section class=\"elementor-section elementor-top-section elementor-element elementor-element-28493df elementor-section-content-middle elementor-section-boxed elementor-section-height-default elementor-section-height-default\" data-id=\"28493df\" data-element_type=\"section\" data-settings=\"{&quot;background_background&quot;:&quot;classic&quot;}\">\n\t\t\t\t\t\t\t<div class=\"elementor-background-overlay\"><\/div>\n\t\t\t\t\t\t\t<div class=\"elementor-container elementor-column-gap-no\">\n\t\t\t\t\t<div class=\"elementor-column elementor-col-50 elementor-top-column elementor-element elementor-element-f63059e\" data-id=\"f63059e\" data-element_type=\"column\">\n\t\t\t<div class=\"elementor-widget-wrap elementor-element-populated\">\n\t\t\t\t\t\t<div class=\"elementor-element elementor-element-f517f65 elementor-widget elementor-widget-heading\" data-id=\"f517f65\" data-element_type=\"widget\" data-widget_type=\"heading.default\">\n\t\t\t\t<div class=\"elementor-widget-container\">\n\t\t\t\t\t<h2 class=\"elementor-heading-title elementor-size-xxl\">atelier 2<\/h2>\t\t\t\t<\/div>\n\t\t\t\t<\/div>\n\t\t\t\t<section class=\"elementor-section elementor-inner-section elementor-element elementor-element-2fbf79a elementor-section-content-middle elementor-section-boxed elementor-section-height-default elementor-section-height-default\" data-id=\"2fbf79a\" data-element_type=\"section\">\n\t\t\t\t\t\t<div class=\"elementor-container elementor-column-gap-no\">\n\t\t\t\t\t<div class=\"elementor-column elementor-col-50 elementor-inner-column elementor-element elementor-element-2db39fe\" data-id=\"2db39fe\" data-element_type=\"column\">\n\t\t\t<div class=\"elementor-widget-wrap elementor-element-populated\">\n\t\t\t\t\t\t<div class=\"elementor-element elementor-element-ba920fa elementor-widget-divider--view-line elementor-widget elementor-widget-divider\" data-id=\"ba920fa\" data-element_type=\"widget\" data-widget_type=\"divider.default\">\n\t\t\t\t<div class=\"elementor-widget-container\">\n\t\t\t\t\t\t\t<div class=\"elementor-divider\">\n\t\t\t<span class=\"elementor-divider-separator\">\n\t\t\t\t\t\t<\/span>\n\t\t<\/div>\n\t\t\t\t\t\t<\/div>\n\t\t\t\t<\/div>\n\t\t\t\t\t<\/div>\n\t\t<\/div>\n\t\t\t\t<div class=\"elementor-column elementor-col-50 elementor-inner-column elementor-element elementor-element-94fe59a\" data-id=\"94fe59a\" data-element_type=\"column\">\n\t\t\t<div class=\"elementor-widget-wrap elementor-element-populated\">\n\t\t\t\t\t\t<div class=\"elementor-element elementor-element-14393e9 elementor-widget elementor-widget-heading\" data-id=\"14393e9\" data-element_type=\"widget\" data-widget_type=\"heading.default\">\n\t\t\t\t<div class=\"elementor-widget-container\">\n\t\t\t\t\t<h6 class=\"elementor-heading-title elementor-size-default\">TEACHING, PRACTICE, WORKSHOPS, COURSES, DANCE, YOGA, THERAPY, MOVEMENT<\/h6>\t\t\t\t<\/div>\n\t\t\t\t<\/div>\n\t\t\t\t\t<\/div>\n\t\t<\/div>\n\t\t\t\t\t<\/div>\n\t\t<\/section>\n\t\t\t\t<div class=\"elementor-element elementor-element-ad53d57 elementor-widget elementor-widget-text-editor\" data-id=\"ad53d57\" data-element_type=\"widget\" data-widget_type=\"text-editor.default\">\n\t\t\t\t<div class=\"elementor-widget-container\">\n\t\t\t\t\t\t\t\t\t<p class=\"p1\">BADABUM Atelier rents out a band room and Atelier 2.<\/p><p class=\"p1\">Atelier 2 is suitable for teaching, practice, dancing, workshops, courses, yoga, movement, and therapy.<\/p><p class=\"p1\">Instruments can either be brought by participants or used from our collection. Currently, Atelier 2 is equipped with a drum set, guitar amp, bass amp, and a PA system.<\/p><p class=\"p1\">Access to a restroom is available.<\/p><p class=\"p1\"><strong>Location: <\/strong><\/p><p class=\"p1\">Chamerstrasse 175, 6300 Zug<\/p><p class=\"p1\"><strong>Costs:<\/strong><\/p><ul><li>Regular Rental: Calendar system, everyone can schedule practice sessions, every day is possible but not guaranteed as the space is shared with other renters: CHF 200.00 per month.<\/li><li>Regular Rental Fixed Half-Day: one fixed half-day each week (day and time are always reserved for the renting person): CHF 200.00 per month.<\/li><li>Regular Rental Fixed Full-Day: Whole reserved day each week (day and time are always reserved for the renting person): CHF 300.00 per month.<\/li><li>One-time rental, project rental: CHF 25.00 per hour (only for Badabum club members (72.-\/year))<\/li><\/ul><p><strong>For more information \/ viewing \/ rental:<\/strong><\/p><p><a href=\"mailto:info@badabum.ch\">info@badabum.ch<\/a><\/p><p><a href=\"tel:0041767222015\">076 722 20 15<\/a><\/p>\t\t\t\t\t\t\t\t<\/div>\n\t\t\t\t<\/div>\n\t\t\t\t<div class=\"elementor-element elementor-element-3f9c189 elementor-widget elementor-widget-image\" data-id=\"3f9c189\" data-element_type=\"widget\" data-widget_type=\"image.default\">\n\t\t\t\t<div class=\"elementor-widget-container\">\n\t\t\t\t\t\t\t\t\t\t\t\t\t\t\t<img fetchpriority=\"high\" decoding=\"async\" width=\"1024\" height=\"768\" src=\"https:\/\/badabum.ch\/wp-content\/uploads\/Atelier2-1024x768.jpeg\" class=\"attachment-large size-large wp-image-2455\" alt=\"\" srcset=\"https:\/\/badabum.ch\/wp-content\/uploads\/Atelier2-1024x768.jpeg 1024w, https:\/\/badabum.ch\/wp-content\/uploads\/Atelier2-300x225.jpeg 300w, https:\/\/badabum.ch\/wp-content\/uploads\/Atelier2-768x576.jpeg 768w, https:\/\/badabum.ch\/wp-content\/uploads\/Atelier2-1536x1152.jpeg 1536w, https:\/\/badabum.ch\/wp-content\/uploads\/Atelier2.jpeg 1600w\" sizes=\"(max-width: 1024px) 100vw, 1024px\" \/>\t\t\t\t\t\t\t\t\t\t\t\t\t\t\t<\/div>\n\t\t\t\t<\/div>\n\t\t\t\t\t<\/div>\n\t\t<\/div>\n\t\t\t\t<div class=\"elementor-column elementor-col-50 elementor-top-column elementor-element elementor-element-4d75474\" data-id=\"4d75474\" data-element_type=\"column\">\n\t\t\t<div class=\"elementor-widget-wrap\">\n\t\t\t\t\t\t\t<\/div>\n\t\t<\/div>\n\t\t\t\t\t<\/div>\n\t\t<\/section>\n\t\t\t\t<section class=\"elementor-section elementor-top-section elementor-element elementor-element-b68e57d elementor-section-content-middle elementor-section-boxed elementor-section-height-default elementor-section-height-default\" data-id=\"b68e57d\" data-element_type=\"section\" data-settings=\"{&quot;background_background&quot;:&quot;classic&quot;}\">\n\t\t\t\t\t\t\t<div class=\"elementor-background-overlay\"><\/div>\n\t\t\t\t\t\t\t<div class=\"elementor-container elementor-column-gap-no\">\n\t\t\t\t\t<div class=\"elementor-column elementor-col-50 elementor-top-column elementor-element elementor-element-6d00286\" data-id=\"6d00286\" data-element_type=\"column\">\n\t\t\t<div class=\"elementor-widget-wrap elementor-element-populated\">\n\t\t\t\t\t\t<div class=\"elementor-element elementor-element-e1d64b7 elementor-widget elementor-widget-heading\" data-id=\"e1d64b7\" data-element_type=\"widget\" data-widget_type=\"heading.default\">\n\t\t\t\t<div class=\"elementor-widget-container\">\n\t\t\t\t\t<h2 class=\"elementor-heading-title elementor-size-xxl\">BAND ROOM<\/h2>\t\t\t\t<\/div>\n\t\t\t\t<\/div>\n\t\t\t\t<section class=\"elementor-section elementor-inner-section elementor-element elementor-element-003395f elementor-section-content-middle elementor-section-boxed elementor-section-height-default elementor-section-height-default\" data-id=\"003395f\" data-element_type=\"section\">\n\t\t\t\t\t\t<div class=\"elementor-container elementor-column-gap-no\">\n\t\t\t\t\t<div class=\"elementor-column elementor-col-50 elementor-inner-column elementor-element elementor-element-586b178\" data-id=\"586b178\" data-element_type=\"column\">\n\t\t\t<div class=\"elementor-widget-wrap elementor-element-populated\">\n\t\t\t\t\t\t<div class=\"elementor-element elementor-element-cf02e0f elementor-widget-divider--view-line elementor-widget elementor-widget-divider\" data-id=\"cf02e0f\" data-element_type=\"widget\" data-widget_type=\"divider.default\">\n\t\t\t\t<div class=\"elementor-widget-container\">\n\t\t\t\t\t\t\t<div class=\"elementor-divider\">\n\t\t\t<span class=\"elementor-divider-separator\">\n\t\t\t\t\t\t<\/span>\n\t\t<\/div>\n\t\t\t\t\t\t<\/div>\n\t\t\t\t<\/div>\n\t\t\t\t\t<\/div>\n\t\t<\/div>\n\t\t\t\t<div class=\"elementor-column elementor-col-50 elementor-inner-column elementor-element elementor-element-9e714bb\" data-id=\"9e714bb\" data-element_type=\"column\">\n\t\t\t<div class=\"elementor-widget-wrap elementor-element-populated\">\n\t\t\t\t\t\t<div class=\"elementor-element elementor-element-c74977a elementor-widget elementor-widget-heading\" data-id=\"c74977a\" data-element_type=\"widget\" data-widget_type=\"heading.default\">\n\t\t\t\t<div class=\"elementor-widget-container\">\n\t\t\t\t\t<h6 class=\"elementor-heading-title elementor-size-default\">PRACTICE, BAND REHEARSALS<\/h6>\t\t\t\t<\/div>\n\t\t\t\t<\/div>\n\t\t\t\t\t<\/div>\n\t\t<\/div>\n\t\t\t\t\t<\/div>\n\t\t<\/section>\n\t\t\t\t<div class=\"elementor-element elementor-element-7f17d9d elementor-widget elementor-widget-text-editor\" data-id=\"7f17d9d\" data-element_type=\"widget\" data-widget_type=\"text-editor.default\">\n\t\t\t\t<div class=\"elementor-widget-container\">\n\t\t\t\t\t\t\t\t\t<p>BADABUM Atelier rents out a band room and Atelier 2.<\/p><p>The band room is suitable for practice and band rehearsals.\u00a0<\/p><p>Instruments can either be brought by participants or used from our collection. Currently, Atelier 2 is equipped with a drum set, guitar amp, bass amp, and a PA system.\u00a0<\/p><p>Access to a restroom is available.<\/p><p><strong>Location:<\/strong><\/p><p>Chamerstrasse 175, 6300 Zug<\/p><p><strong>Costs:<\/strong><\/p><ul><li style=\"font-size: 15px;\">Regular Rental Fixed Half-Day: one fixed half-day each week (day and time are always reserved for the renting person): CHF 200.00 per month.<\/li><li style=\"font-size: 15px;\">Regular Rental Fixed Full-Day: Whole reserved day each week (day and time are always reserved for the renting person): CHF 300.00 per month.<\/li><li style=\"font-size: 15px;\">One-time Rental, Project Rental: CHF 25.00 per hour.<\/li><\/ul><p><strong>For more information \/ viewing \/ rental:<\/strong><\/p><p><a href=\"mailto:info@badabum.ch\">info@badabum.ch<\/a><\/p><p><a href=\"tel:0041767222015\">076 722 20 15<\/a><\/p>\t\t\t\t\t\t\t\t<\/div>\n\t\t\t\t<\/div>\n\t\t\t\t<div class=\"elementor-element elementor-element-b8f8783 elementor-widget elementor-widget-image\" data-id=\"b8f8783\" data-element_type=\"widget\" data-widget_type=\"image.default\">\n\t\t\t\t<div class=\"elementor-widget-container\">\n\t\t\t\t\t\t\t\t\t\t\t\t\t\t\t<img decoding=\"async\" width=\"1024\" height=\"498\" src=\"https:\/\/badabum.ch\/wp-content\/uploads\/2022\/01\/Raumvermietung-1-1024x498.jpg\" class=\"attachment-large size-large wp-image-516\" alt=\"\" srcset=\"https:\/\/badabum.ch\/wp-content\/uploads\/2022\/01\/Raumvermietung-1-1024x498.jpg 1024w, https:\/\/badabum.ch\/wp-content\/uploads\/2022\/01\/Raumvermietung-1-300x146.jpg 300w, https:\/\/badabum.ch\/wp-content\/uploads\/2022\/01\/Raumvermietung-1-768x374.jpg 768w, https:\/\/badabum.ch\/wp-content\/uploads\/2022\/01\/Raumvermietung-1-1536x747.jpg 1536w, https:\/\/badabum.ch\/wp-content\/uploads\/2022\/01\/Raumvermietung-1.jpg 2048w\" sizes=\"(max-width: 1024px) 100vw, 1024px\" \/>\t\t\t\t\t\t\t\t\t\t\t\t\t\t\t<\/div>\n\t\t\t\t<\/div>\n\t\t\t\t\t<\/div>\n\t\t<\/div>\n\t\t\t\t<div class=\"elementor-column elementor-col-50 elementor-top-column elementor-element elementor-element-ef09d03\" data-id=\"ef09d03\" data-element_type=\"column\">\n\t\t\t<div class=\"elementor-widget-wrap\">\n\t\t\t\t\t\t\t<\/div>\n\t\t<\/div>\n\t\t\t\t\t<\/div>\n\t\t<\/section>\n\t\t\t\t<\/div>","protected":false},"excerpt":{"rendered":"<p>badabum atelier raumvermietung atelier 2 unterrichten, \u00fcben, workshops, kurse, tanz, yoga, therapie, Bewegung Das BADABUM Atelier vermietet einen Bandraum und das Atelier 2. Das Atelier 2 eignet sich zum Unterrichten, \u00dcben, Tanzen, f\u00fcr Workshops, Kurse, Yoga, Bewegung und Therapie. Instrumente k\u00f6nnen entweder selbst mitgebracht werden oder von uns benutzt werden. Momentan befindet sich im Atelier&#8230;<\/p>","protected":false},"author":1,"featured_media":0,"parent":0,"menu_order":0,"comment_status":"closed","ping_status":"closed","template":"","meta":{"site-sidebar-layout":"no-sidebar","site-content-layout":"page-builder","ast-site-content-layout":"default","site-content-style":"default","site-sidebar-style":"default","ast-global-header-display":"","ast-banner-title-visibility":"","ast-main-header-display":"","ast-hfb-above-header-display":"","ast-hfb-below-header-display":"","ast-hfb-mobile-header-display":"","site-post-title":"","ast-breadcrumbs-content":"","ast-featured-img":"disabled","footer-sml-layout":"","theme-transparent-header-meta":"enabled","adv-header-id-meta":"","stick-header-meta":"","header-above-stick-meta":"","header-main-stick-meta":"","header-below-stick-meta":"","astra-migrate-meta-layouts":"default","ast-page-background-enabled":"default","ast-page-background-meta":{"desktop":{"background-color":"","background-image":"","background-repeat":"repeat","background-position":"center center","background-size":"auto","background-attachment":"scroll","background-type":"","background-media":"","overlay-type":"","overlay-color":"","overlay-opacity":"","overlay-gradient":""},"tablet":{"background-color":"","background-image":"","background-repeat":"repeat","background-position":"center center","background-size":"auto","background-attachment":"scroll","background-type":"","background-media":"","overlay-type":"","overlay-color":"","overlay-opacity":"","overlay-gradient":""},"mobile":{"background-color":"","background-image":"","background-repeat":"repeat","background-position":"center center","background-size":"auto","background-attachment":"scroll","background-type":"","background-media":"","overlay-type":"","overlay-color":"","overlay-opacity":"","overlay-gradient":""}},"ast-content-background-meta":{"desktop":{"background-color":"var(--ast-global-color-5)","background-image":"","background-repeat":"repeat","background-position":"center center","background-size":"auto","background-attachment":"scroll","background-type":"","background-media":"","overlay-type":"","overlay-color":"","overlay-opacity":"","overlay-gradient":""},"tablet":{"background-color":"var(--ast-global-color-5)","background-image":"","background-repeat":"repeat","background-position":"center center","background-size":"auto","background-attachment":"scroll","background-type":"","background-media":"","overlay-type":"","overlay-color":"","overlay-opacity":"","overlay-gradient":""},"mobile":{"background-color":"var(--ast-global-color-5)","background-image":"","background-repeat":"repeat","background-position":"center center","background-size":"auto","background-attachment":"scroll","background-type":"","background-media":"","overlay-type":"","overlay-color":"","overlay-opacity":"","overlay-gradient":""}},"footnotes":""},"class_list":["post-343","page","type-page","status-publish","hentry"],"_links":{"self":[{"href":"https:\/\/badabum.ch\/en\/wp-json\/wp\/v2\/pages\/343","targetHints":{"allow":["GET"]}}],"collection":[{"href":"https:\/\/badabum.ch\/en\/wp-json\/wp\/v2\/pages"}],"about":[{"href":"https:\/\/badabum.ch\/en\/wp-json\/wp\/v2\/types\/page"}],"author":[{"embeddable":true,"href":"https:\/\/badabum.ch\/en\/wp-json\/wp\/v2\/users\/1"}],"replies":[{"embeddable":true,"href":"https:\/\/badabum.ch\/en\/wp-json\/wp\/v2\/comments?post=343"}],"version-history":[{"count":116,"href":"https:\/\/badabum.ch\/en\/wp-json\/wp\/v2\/pages\/343\/revisions"}],"predecessor-version":[{"id":2727,"href":"https:\/\/badabum.ch\/en\/wp-json\/wp\/v2\/pages\/343\/revisions\/2727"}],"wp:attachment":[{"href":"https:\/\/badabum.ch\/en\/wp-json\/wp\/v2\/media?parent=343"}],"curies":[{"name":"wp","href":"https:\/\/api.w.org\/{rel}","templated":true}]}}